{"id":23,"date":"2022-08-05T13:09:16","date_gmt":"2022-08-05T13:09:16","guid":{"rendered":"http:\/\/liveimpetus.com\/?page_id=23"},"modified":"2022-08-17T11:43:00","modified_gmt":"2022-08-17T11:43:00","slug":"23-2","status":"publish","type":"page","link":"https:\/\/liveimpetus.com\/de\/","title":{"rendered":""},"content":{"rendered":"<section id=\"builder-section-text_11\" class=\"builder-section-first builder-section builder-section-text builder-section-next-text builder-text-columns-1\" style=\"background-size: cover; background-repeat: no-repeat;background-position: center center;\">\n<div class=\"builder-section-content\">\n<div class=\"builder-text-row\">\n<div class=\"builder-text-column builder-text-column-1\" id=\"builder-section-text_11-column-1\">\n<div class=\"builder-text-content\">\n<p><img decoding=\"async\" loading=\"lazy\" class=\"aligncenter wp-image-30 size-full\" src=\"http:\/\/liveimpetus.com\/wp-content\/uploads\/2022\/08\/Logo-Impetus-mit-Untertitel-englisch-frei-400.png\" alt=\"\" width=\"400\" height=\"166\" srcset=\"https:\/\/liveimpetus.com\/wp-content\/uploads\/2022\/08\/Logo-Impetus-mit-Untertitel-englisch-frei-400.png 400w, https:\/\/liveimpetus.com\/wp-content\/uploads\/2022\/08\/Logo-Impetus-mit-Untertitel-englisch-frei-400-300x125.png 300w\" sizes=\"(max-width: 400px) 100vw, 400px\" \/><\/p>\n<p><img decoding=\"async\" loading=\"lazy\" class=\"aligncenter wp-image-88 size-full\" src=\"https:\/\/liveimpetus.com\/wp-content\/uploads\/2022\/08\/all.png\" alt=\"\" width=\"835\" height=\"240\" srcset=\"https:\/\/liveimpetus.com\/wp-content\/uploads\/2022\/08\/all.png 835w, https:\/\/liveimpetus.com\/wp-content\/uploads\/2022\/08\/all-300x86.png 300w, https:\/\/liveimpetus.com\/wp-content\/uploads\/2022\/08\/all-768x221.png 768w, https:\/\/liveimpetus.com\/wp-content\/uploads\/2022\/08\/all-18x5.png 18w\" sizes=\"(max-width: 835px) 100vw, 835px\" \/><\/p>\n<blockquote>\n<p style=\"text-align: center;\"><span style=\"color: #c50000;\"><em>\"Man lebt nur einmal, aber wenn man es richtig macht, ist einmal genug.\"<\/em><\/span><\/p>\n<\/blockquote>\n<p style=\"text-align: center;\"><span style=\"color: #003366;\">May West<\/span><\/p>\n<hr class=\"ttfmake-hr\" style=\"border-style: solid; border-top-width: 1px;\" \/>\n<p style=\"text-align: center;\"><span style=\"font-size: 18pt;\">F\u00fcr die meisten Menschen ist das Leben das einzige was z\u00e4hlt -<\/span><br \/><span style=\"font-size: 18pt;\">zu jeder Zeit, in allen Formen und Farben, in jeder Lebensphase.<\/span><br \/><span style=\"font-size: 18pt;\">Um das meiste daraus zu machen, sollte man wissen wie.<\/span><br \/><span style=\"font-size: 18pt;\">Das h\u00e4ngt von der eigenen Situation ab -<\/span><br \/><span style=\"font-size: 18pt;\">denn das Leben hat viele Aspekte.<\/span><br \/><span style=\"font-size: 18pt;\">Einige von ihnen verursachen \u00c4nderungen, die   unumkehrbar sind.<\/span><\/p>\n<p style=\"text-align: center;\"><span style=\"color: #333399;\">Manchmal w\u00e4re es hilfreich seiner Zeit voraus zu sein und das Wissen zu haben, bevor man eine Entscheidung treffen mu\u00df. <\/span><\/p>\n<p style=\"text-align: center;\"><span style=\"font-size: 18pt; color: #c50000;\">Deshalb sind wir hier - um Menschen das Wissen und Hilfe zu dem Zeitpunkt zu bieten,  wenn sie sie brauchen.<\/span><\/p>\n<p style=\"text-align: center;\">\u00a0<\/p>\n<\/p><\/div>\n<\/p><\/div>\n<\/p><\/div>\n<\/p><\/div>\n<\/section>\n<section id=\"builder-section-text_35\" class=\"builder-section-prev-text builder-section builder-section-text builder-section-last builder-text-columns-2\" style=\"background-size: cover; background-repeat: no-repeat;background-position: center center;\">\n<div class=\"builder-section-content\">\n<div class=\"builder-text-row\">\n<div class=\"builder-text-column builder-text-column-1\" id=\"builder-section-text_35-column-1\">\n<div class=\"builder-text-content\">\n<p><img decoding=\"async\" loading=\"lazy\" class=\"aligncenter wp-image-163 size-full\" src=\"https:\/\/liveimpetus.com\/wp-content\/uploads\/2022\/08\/quint-webbild-impetus-2-deutsch.jpg\" alt=\"\" width=\"499\" height=\"333\" srcset=\"https:\/\/liveimpetus.com\/wp-content\/uploads\/2022\/08\/quint-webbild-impetus-2-deutsch.jpg 499w, https:\/\/liveimpetus.com\/wp-content\/uploads\/2022\/08\/quint-webbild-impetus-2-deutsch-300x200.jpg 300w, https:\/\/liveimpetus.com\/wp-content\/uploads\/2022\/08\/quint-webbild-impetus-2-deutsch-18x12.jpg 18w\" sizes=\"(max-width: 499px) 100vw, 499px\" \/><\/p>\n<p style=\"text-align: center;\"><span style=\"color: #000080;\">Die Zeit zwischen Jung- und Altsein ist der l\u00e4ngste Teil unseres Lebens. Aber niemand schenkt diesen Jahren besondere Beachtung. Tats\u00e4chlich sind sie sehr wichtig - der Lebensstil heute hat einen erheblichen Einflu\u00df auf die n\u00e4chsten Jahrzehnte. Diese Zeit ist eine zweite Chance.<\/span><\/p>\n<p style=\"text-align: center;\"><strong><span style=\"color: #000080;\"><span style=\"color: #ff6600;\">Quint <\/span>zeigt Ihnen bis ins Detail, wie Sie sie nutzen.<\/span><\/strong><\/p>\n<\/p><\/div>\n<\/p><\/div>\n<div class=\"builder-text-column builder-text-column-2\" id=\"builder-section-text_35-column-2\">\n<div class=\"builder-text-content\">\n<p><a href=\"https:\/\/liveimpetus.com\/de\/familyard\/\"><img decoding=\"async\" loading=\"lazy\" class=\"aligncenter wp-image-38 size-full\" src=\"http:\/\/liveimpetus.com\/wp-content\/uploads\/2022\/08\/LI-familyard-500-334.jpg\" alt=\"\" width=\"500\" height=\"334\" srcset=\"https:\/\/liveimpetus.com\/wp-content\/uploads\/2022\/08\/LI-familyard-500-334.jpg 500w, https:\/\/liveimpetus.com\/wp-content\/uploads\/2022\/08\/LI-familyard-500-334-300x200.jpg 300w\" sizes=\"(max-width: 500px) 100vw, 500px\" \/><\/a><\/p>\n<p style=\"text-align: center;\"><span style=\"color: #000080;\">Es gibt Moment im Leben, wenn Menschen pl\u00f6tzlich realisieren, was Leben wirklich bedeutet.<br \/><\/span><span style=\"color: #000080;\">Niemals wieder sind sie so offen und bem\u00fcht ihr Leben zum Besseren zu ver\u00e4ndern als wenn ihre Kinder geboren wurden - um ihnen den bestm\u00f6glichen Start ins Leben zu erm\u00f6glichen<\/span><\/p>\n<p style=\"text-align: center;\"><strong><a href=\"https:\/\/liveimpetus.com\/de\/familyard\/\"><span style=\"color: #ff0000;\">F<\/span>amil<span style=\"color: #ff0000;\">y<\/span>ar<span style=\"color: #ff0000;\">d<\/span><\/a> <span style=\"color: #000080;\">bietet daf\u00fcr profundes Wissen f\u00fcr diese  wichtige Zeit im Leben...<\/span><\/strong><\/p>\n<\/p><\/div>\n<\/p><\/div>\n<\/p><\/div>\n<\/p><\/div>\n<\/section>","protected":false},"excerpt":{"rendered":"<p>\u201cYou only live once, but if you do it right, once is enough.\u201d May West For most people life is the only thing that matters \u2013at any time, in all shapes and colours, at every stage.To make the most of it, one should know how to.This depends on ones situation \u2013because life has many aspects.Some &hellip;<\/p>","protected":false},"author":1,"featured_media":0,"parent":0,"menu_order":0,"comment_status":"closed","ping_status":"closed","template":"template-builder.php","meta":[],"_links":{"self":[{"href":"https:\/\/liveimpetus.com\/de\/wp-json\/wp\/v2\/pages\/23"}],"collection":[{"href":"https:\/\/liveimpetus.com\/de\/wp-json\/wp\/v2\/pages"}],"about":[{"href":"https:\/\/liveimpetus.com\/de\/wp-json\/wp\/v2\/types\/page"}],"author":[{"embeddable":true,"href":"https:\/\/liveimpetus.com\/de\/wp-json\/wp\/v2\/users\/1"}],"replies":[{"embeddable":true,"href":"https:\/\/liveimpetus.com\/de\/wp-json\/wp\/v2\/comments?post=23"}],"version-history":[{"count":37,"href":"https:\/\/liveimpetus.com\/de\/wp-json\/wp\/v2\/pages\/23\/revisions"}],"predecessor-version":[{"id":164,"href":"https:\/\/liveimpetus.com\/de\/wp-json\/wp\/v2\/pages\/23\/revisions\/164"}],"wp:attachment":[{"href":"https:\/\/liveimpetus.com\/de\/wp-json\/wp\/v2\/media?parent=23"}],"curies":[{"name":"wp","href":"https:\/\/api.w.org\/{rel}","templated":true}]}}